{"id":8162,"date":"2021-04-22T12:58:41","date_gmt":"2021-04-22T10:58:41","guid":{"rendered":"https:\/\/www.mckiev.de\/teamevents\/"},"modified":"2025-11-07T10:35:03","modified_gmt":"2025-11-07T09:35:03","slug":"teamevents","status":"publish","type":"page","link":"https:\/\/www.mckiev.de\/en\/teamevents\/","title":{"rendered":"Teamevents"},"content":{"rendered":"<div class=\"wpb-content-wrapper\"><p>[vc_row][vc_column width=&#8221;1\/2&#8243;][vc_single_image image=&#8221;8490&#8243; img_size=&#8221;full&#8221;][\/vc_column][vc_column width=&#8221;1\/2&#8243;][vc_column_text]Aus der Vielfalt unserer Angebote in den Bereichen Malen, Zeichnen, T\u00f6pfern, Trommeln entwickeln wir ein abwechslungsreiches Programm f\u00fcr Ihre Mitarbeiter oder widmen uns vertieft nur einer einzigen Sache. Da richten wir uns ganz nach Ihren W\u00fcnschen.<\/p>\n<p>Sie werden feststellen, dass jeder von Ihnen ein einzigartiger K\u00fcnstler ist und dass in Ihren Kollegen ungeahnte Talente stecken.<\/p>\n<p>Angebote auf Anfrage.<\/p>\n<p>Termine nach Vereinbarung.<\/p>\n<p><a href=\"https:\/\/www.mckiev.de\/kontakt\/\">Kontakt<\/a>[\/vc_column_text][\/vc_column][\/vc_row][vc_row][vc_column][vc_empty_space height=&#8221;250px&#8221;][\/vc_column][\/vc_row]<\/p>\n<\/div>","protected":false},"excerpt":{"rendered":"<p>[vc_row][vc_column width=&#8221;1\/2&#8243;][vc_single_image image=&#8221;8490&#8243; img_size=&#8221;full&#8221;][\/vc_column][vc_column width=&#8221;1\/2&#8243;][vc_column_text]Aus der Vielfalt unserer Angebote in den Bereichen Malen, Zeichnen, T\u00f6pfern, Trommeln entwickeln wir ein abwechslungsreiches&#8230;<\/p>\n","protected":false},"author":1,"featured_media":0,"parent":0,"menu_order":0,"comment_status":"closed","ping_status":"closed","template":"","meta":{"footnotes":""},"class_list":["post-8162","page","type-page","status-publish"],"yoast_head":"<!-- This site is optimized with the Yoast SEO plugin v27.3 - https:\/\/yoast.com\/product\/yoast-seo-wordpress\/ -->\n<title>Individual team events &#8211; drawing, pottery or drumming<\/title>\n<meta name=\"description\" content=\"You will discover that each of you is a unique artist and that your colleagues actually have hidden talents.\" \/>\n<meta name=\"robots\" content=\"index, follow, max-snippet:-1, max-image-preview:large, max-video-preview:-1\" \/>\n<link rel=\"canonical\" href=\"https:\/\/www.mckiev.de\/en\/teamevents\/\" \/>\n<meta name=\"twitter:label1\" content=\"Est. reading time\" \/>\n\t<meta name=\"twitter:data1\" content=\"1 minute\" \/>\n<script type=\"application\/ld+json\" class=\"yoast-schema-graph\">{\"@context\":\"https:\\\/\\\/schema.org\",\"@graph\":[{\"@type\":\"WebPage\",\"@id\":\"https:\\\/\\\/www.mckiev.de\\\/en\\\/teamevents\\\/\",\"url\":\"https:\\\/\\\/www.mckiev.de\\\/en\\\/teamevents\\\/\",\"name\":\"Individual team events &#8211; drawing, pottery or drumming\",\"isPartOf\":{\"@id\":\"https:\\\/\\\/www.mckiev.de\\\/en\\\/#website\"},\"datePublished\":\"2021-04-22T10:58:41+00:00\",\"dateModified\":\"2025-11-07T09:35:03+00:00\",\"description\":\"You will discover that each of you is a unique artist and that your colleagues actually have hidden talents.\",\"breadcrumb\":{\"@id\":\"https:\\\/\\\/www.mckiev.de\\\/en\\\/teamevents\\\/#breadcrumb\"},\"inLanguage\":\"en-US\",\"potentialAction\":[{\"@type\":\"ReadAction\",\"target\":[\"https:\\\/\\\/www.mckiev.de\\\/en\\\/teamevents\\\/\"]}]},{\"@type\":\"BreadcrumbList\",\"@id\":\"https:\\\/\\\/www.mckiev.de\\\/en\\\/teamevents\\\/#breadcrumb\",\"itemListElement\":[{\"@type\":\"ListItem\",\"position\":1,\"name\":\"Startseite\",\"item\":\"https:\\\/\\\/www.mckiev.de\\\/en\\\/\"},{\"@type\":\"ListItem\",\"position\":2,\"name\":\"Teamevents\"}]},{\"@type\":\"WebSite\",\"@id\":\"https:\\\/\\\/www.mckiev.de\\\/en\\\/#website\",\"url\":\"https:\\\/\\\/www.mckiev.de\\\/en\\\/\",\"name\":\"McKiev \u2013 Offenes Atelier\",\"description\":\"Offenes Atelier f\u00fcr bildende Kunst und K\u00f6rperwahrnehmung\",\"potentialAction\":[{\"@type\":\"SearchAction\",\"target\":{\"@type\":\"EntryPoint\",\"urlTemplate\":\"https:\\\/\\\/www.mckiev.de\\\/en\\\/?s={search_term_string}\"},\"query-input\":{\"@type\":\"PropertyValueSpecification\",\"valueRequired\":true,\"valueName\":\"search_term_string\"}}],\"inLanguage\":\"en-US\"}]}<\/script>\n<!-- \/ Yoast SEO plugin. -->","yoast_head_json":{"title":"Individual team events &#8211; drawing, pottery or drumming","description":"You will discover that each of you is a unique artist and that your colleagues actually have hidden talents.","robots":{"index":"index","follow":"follow","max-snippet":"max-snippet:-1","max-image-preview":"max-image-preview:large","max-video-preview":"max-video-preview:-1"},"canonical":"https:\/\/www.mckiev.de\/en\/teamevents\/","twitter_misc":{"Est. reading time":"1 minute"},"schema":{"@context":"https:\/\/schema.org","@graph":[{"@type":"WebPage","@id":"https:\/\/www.mckiev.de\/en\/teamevents\/","url":"https:\/\/www.mckiev.de\/en\/teamevents\/","name":"Individual team events &#8211; drawing, pottery or drumming","isPartOf":{"@id":"https:\/\/www.mckiev.de\/en\/#website"},"datePublished":"2021-04-22T10:58:41+00:00","dateModified":"2025-11-07T09:35:03+00:00","description":"You will discover that each of you is a unique artist and that your colleagues actually have hidden talents.","breadcrumb":{"@id":"https:\/\/www.mckiev.de\/en\/teamevents\/#breadcrumb"},"inLanguage":"en-US","potentialAction":[{"@type":"ReadAction","target":["https:\/\/www.mckiev.de\/en\/teamevents\/"]}]},{"@type":"BreadcrumbList","@id":"https:\/\/www.mckiev.de\/en\/teamevents\/#breadcrumb","itemListElement":[{"@type":"ListItem","position":1,"name":"Startseite","item":"https:\/\/www.mckiev.de\/en\/"},{"@type":"ListItem","position":2,"name":"Teamevents"}]},{"@type":"WebSite","@id":"https:\/\/www.mckiev.de\/en\/#website","url":"https:\/\/www.mckiev.de\/en\/","name":"McKiev \u2013 Offenes Atelier","description":"Offenes Atelier f\u00fcr bildende Kunst und K\u00f6rperwahrnehmung","potentialAction":[{"@type":"SearchAction","target":{"@type":"EntryPoint","urlTemplate":"https:\/\/www.mckiev.de\/en\/?s={search_term_string}"},"query-input":{"@type":"PropertyValueSpecification","valueRequired":true,"valueName":"search_term_string"}}],"inLanguage":"en-US"}]}},"_links":{"self":[{"href":"https:\/\/www.mckiev.de\/en\/wp-json\/wp\/v2\/pages\/8162","targetHints":{"allow":["GET"]}}],"collection":[{"href":"https:\/\/www.mckiev.de\/en\/wp-json\/wp\/v2\/pages"}],"about":[{"href":"https:\/\/www.mckiev.de\/en\/wp-json\/wp\/v2\/types\/page"}],"author":[{"embeddable":true,"href":"https:\/\/www.mckiev.de\/en\/wp-json\/wp\/v2\/users\/1"}],"replies":[{"embeddable":true,"href":"https:\/\/www.mckiev.de\/en\/wp-json\/wp\/v2\/comments?post=8162"}],"version-history":[{"count":0,"href":"https:\/\/www.mckiev.de\/en\/wp-json\/wp\/v2\/pages\/8162\/revisions"}],"wp:attachment":[{"href":"https:\/\/www.mckiev.de\/en\/wp-json\/wp\/v2\/media?parent=8162"}],"curies":[{"name":"wp","href":"https:\/\/api.w.org\/{rel}","templated":true}]}}